{"id":10,"date":"2023-05-30T12:26:36","date_gmt":"2023-05-30T12:26:36","guid":{"rendered":"http:\/\/www.2b3init.pl\/?page_id=10"},"modified":"2023-05-30T12:26:36","modified_gmt":"2023-05-30T12:26:36","slug":"oferta","status":"publish","type":"page","link":"http:\/\/www.2b3init.pl\/?page_id=10","title":{"rendered":"Oferta"},"content":{"rendered":"\n<h2 class=\"wp-block-heading\">20 lat do\u015bwiadczenia w bran\u017cy IT.<\/h2>\n\n\n\n<p>Sektory:<\/p>\n\n\n\n<p>&#8211; telekomunikacja<\/p>\n\n\n\n<p>&#8211; nieruchomo\u015bci<\/p>\n\n\n\n<p>&#8211; edukacja<\/p>\n\n\n\n<p>Obszary:<\/p>\n\n\n\n<p>&#8211; CRM (Salesforce, Microsoft Dynamics, Amdocs Clarify, Peoplesoft)<\/p>\n\n\n\n<p>&#8211; katalog produkt\u00f3w, CPQ<\/p>\n\n\n\n<p>&#8211; order management<\/p>\n\n\n\n<p><strong>Je\u015bli szukasz osoby, kt\u00f3ra ma Ci pom\u00f3c w:<\/strong><\/p>\n\n\n\n<ul class=\"wp-block-list\">\n<li><strong>Analizie biznesowej<\/strong>&nbsp;&#8211; optymalizacji proces\u00f3w, zebrania wymaga\u0144.<\/li>\n\n\n\n<li><strong>Analizie systemowej<\/strong> &#8211; jak prze\u0142o\u017cy\u0107 oczekiwania biznesowe na rozwi\u0105zanie IT.<\/li>\n\n\n\n<li><strong>Architekturze rozwi\u0105za\u0144 <\/strong>&#8211; zaproponowaniu rozwi\u0105zania na istniej\u0105cym stacku systemowym i nowych elementach.<\/li>\n\n\n\n<li><strong>Product Ownershipie <\/strong>&#8211; pogodzeniu wszystkich interesariuszy, aby wdro\u017cy\u0107 rozwi\u0105zanie, akceptowalne przez klienta, zesp\u00f3\u0142 IT oraz w za\u0142o\u017conym czasie i bud\u017cecie.<\/li>\n<\/ul>\n\n\n\n<p>To idealnie trafi\u0142e\u015b. Wiem jak wa\u017cne jest fachowe wsparcie do\u015bwiadczonych os\u00f3b.<\/p>\n\n\n\n<p>Zapraszam do kontaktu<\/p>\n","protected":false},"excerpt":{"rendered":"<p>20 lat do\u015bwiadczenia w bran\u017cy IT. Sektory: &#8211; telekomunikacja &#8211; nieruchomo\u015bci &#8211; edukacja Obszary: &#8211; CRM (Salesforce, Microsoft Dynamics, Amdocs Clarify, Peoplesoft) &#8211; katalog produkt\u00f3w, CPQ &#8211; order management Je\u015bli szukasz osoby, kt\u00f3ra ma Ci pom\u00f3c w: To idealnie trafi\u0142e\u015b. Wiem jak wa\u017cne jest fachowe wsparcie do\u015bwiadczonych os\u00f3b. Zapraszam do kontaktu<\/p>\n","protected":false},"author":1,"featured_media":0,"parent":0,"menu_order":0,"comment_status":"closed","ping_status":"closed","template":"","meta":{"footnotes":""},"class_list":["post-10","page","type-page","status-publish","hentry"],"_links":{"self":[{"href":"http:\/\/www.2b3init.pl\/index.php?rest_route=\/wp\/v2\/pages\/10","targetHints":{"allow":["GET"]}}],"collection":[{"href":"http:\/\/www.2b3init.pl\/index.php?rest_route=\/wp\/v2\/pages"}],"about":[{"href":"http:\/\/www.2b3init.pl\/index.php?rest_route=\/wp\/v2\/types\/page"}],"author":[{"embeddable":true,"href":"http:\/\/www.2b3init.pl\/index.php?rest_route=\/wp\/v2\/users\/1"}],"replies":[{"embeddable":true,"href":"http:\/\/www.2b3init.pl\/index.php?rest_route=%2Fwp%2Fv2%2Fcomments&post=10"}],"version-history":[{"count":1,"href":"http:\/\/www.2b3init.pl\/index.php?rest_route=\/wp\/v2\/pages\/10\/revisions"}],"predecessor-version":[{"id":11,"href":"http:\/\/www.2b3init.pl\/index.php?rest_route=\/wp\/v2\/pages\/10\/revisions\/11"}],"wp:attachment":[{"href":"http:\/\/www.2b3init.pl\/index.php?rest_route=%2Fwp%2Fv2%2Fmedia&parent=10"}],"curies":[{"name":"wp","href":"https:\/\/api.w.org\/{rel}","templated":true}]}}